{"id":319,"date":"2023-01-31T12:32:41","date_gmt":"2023-01-31T12:32:41","guid":{"rendered":"https:\/\/citrineskincare.net\/wordpress_N\/index.php\/\/shop\/uncategorized\/prysgwydd-sitrws-traed-ymlaen-gorau-bffs-120ml\/"},"modified":"2023-04-22T16:46:10","modified_gmt":"2023-04-22T15:46:10","slug":"bffs-gorau-troed-ymlaen-sitrws-troed-brysgwydd-120ml-pris-adwerthu-16-00","status":"publish","type":"product","link":"https:\/\/citrineskincare.net\/cy\/product\/bffs-gorau-troed-ymlaen-sitrws-troed-brysgwydd-120ml-pris-adwerthu-16-00\/","title":{"rendered":"Prysgwydd Sitrws Traed Ymlaen Gorau BFFS 120ml"},"content":{"rendered":"<p>Dilynwch drwodd gyda phrysgwydd troed llaid. Gall traed fod yn galed (yn llythrennol), felly rydyn ni wedi taflu sinc y gegin at hwn.<br \/>\nExfoliants yw Halen M\u00f4r Marw cwrs, powdr croen lemwn, carreg bwmis m\u00e2n a phowdr cnewyllyn bricyll ac ydy, mae&#8217;r olew papaia yn \u00f4l eto ynghyd \u00e2 mwy o fenyn ac olew. Felly, arafwch y croen caled hwnnw.<\/p>\n<p><strong>Yn cynnwys: <\/strong><\/p>\n<p>Olew almon melys<br \/>\nMenyn shea<br \/>\nPwmis<br \/>\nPowdr cragen bricyll<br \/>\nJojoba olew<br \/>\nOlewydd 1000<br \/>\nMenyn mango<br \/>\nHalen y M\u00f4r Marw<br \/>\nAsid stearig<br \/>\nolew papaia<br \/>\ncroen lemwn<br \/>\nMyrtwydd Lemwn<br \/>\nOlew croen grawnffrwyth<br \/>\nFitamin E &#8211; Tocopherol<br \/>\nOlew Hadau Blodau&#8217;r Haul<\/p>\n","protected":false},"excerpt":{"rendered":"<p>Dilynwch drwodd gyda phrysgwydd troed llaid. Gall traed fod yn galed (yn llythrennol), felly rydyn ni wedi taflu sinc y gegin at hwn. Exfoliants yw Halen M\u00f4r Marw cwrs, powdr croen lemwn, carreg bwmis m\u00e2n a phowdr cnewyllyn bricyll ac ydy, mae&#8217;r olew papaia yn \u00f4l eto ynghyd \u00e2 mwy o fenyn ac olew. Felly, [&hellip;]<\/p>\n","protected":false},"featured_media":1469,"template":"","meta":[],"product_brand":[],"product_cat":[],"product_tag":[],"class_list":{"0":"post-319","1":"product","2":"type-product","3":"status-publish","4":"has-post-thumbnail","7":"first","8":"instock","9":"shipping-taxable","10":"purchasable","11":"product-type-simple"},"jetpack_sharing_enabled":true,"_links":{"self":[{"href":"https:\/\/citrineskincare.net\/cy\/wp-json\/wp\/v2\/product\/319","targetHints":{"allow":["GET"]}}],"collection":[{"href":"https:\/\/citrineskincare.net\/cy\/wp-json\/wp\/v2\/product"}],"about":[{"href":"https:\/\/citrineskincare.net\/cy\/wp-json\/wp\/v2\/types\/product"}],"version-history":[{"count":0,"href":"https:\/\/citrineskincare.net\/cy\/wp-json\/wp\/v2\/product\/319\/revisions"}],"wp:featuredmedia":[{"embeddable":true,"href":"https:\/\/citrineskincare.net\/cy\/wp-json\/wp\/v2\/media\/1469"}],"wp:attachment":[{"href":"https:\/\/citrineskincare.net\/cy\/wp-json\/wp\/v2\/media?parent=319"}],"wp:term":[{"taxonomy":"product_brand","embeddable":true,"href":"https:\/\/citrineskincare.net\/cy\/wp-json\/wp\/v2\/product_brand?post=319"},{"taxonomy":"product_cat","embeddable":true,"href":"https:\/\/citrineskincare.net\/cy\/wp-json\/wp\/v2\/product_cat?post=319"},{"taxonomy":"product_tag","embeddable":true,"href":"https:\/\/citrineskincare.net\/cy\/wp-json\/wp\/v2\/product_tag?post=319"}],"curies":[{"name":"wp","href":"https:\/\/api.w.org\/{rel}","templated":true}]}}